{"id":499,"date":"2025-03-25T10:02:59","date_gmt":"2025-03-25T10:02:59","guid":{"rendered":"https:\/\/sonbascos.com\/politica-de-privacidad\/"},"modified":"2025-03-25T10:02:59","modified_gmt":"2025-03-25T10:02:59","slug":"politica-de-privacidad","status":"publish","type":"page","link":"https:\/\/sonbascos.com\/es\/politica-de-privacidad\/","title":{"rendered":"Politica de privacidad"},"content":{"rendered":"<p>[et_pb_section fb_built=\u00bb1&#8243; admin_label=\u00bbHeader\u00bb _builder_version=\u00bb4.27.4&#8243; _module_preset=\u00bbdefault\u00bb background_image=\u00bbhttps:\/\/sonbascos.com\/wp-content\/uploads\/2025\/03\/Esdeveniments-Son-Basco.png\u00bb custom_padding=\u00bb192px||112px||false|\u00bb bottom_divider_style=\u00bbasymmetric\u00bb bottom_divider_color=\u00bb#f0e1d8&#8243; bottom_divider_height=\u00bb37px\u00bb collapsed=\u00bbon\u00bb global_colors_info=\u00bb{}\u00bb][\/et_pb_section][et_pb_section fb_built=\u00bb1&#8243; _builder_version=\u00bb4.27.4&#8243; _module_preset=\u00bbdefault\u00bb global_colors_info=\u00bb{}\u00bb][et_pb_row _builder_version=\u00bb4.27.4&#8243; _module_preset=\u00bbdefault\u00bb global_colors_info=\u00bb{}\u00bb][et_pb_column type=\u00bb4_4&#8243; _builder_version=\u00bb4.27.4&#8243; _module_preset=\u00bbdefault\u00bb global_colors_info=\u00bb{}\u00bb][et_pb_text _builder_version=\u00bb4.27.4&#8243; _module_preset=\u00bbdefault\u00bb header_font=\u00bb&#8211;et_global_heading_font||||||||\u00bb header_text_color=\u00bb#C28865&#8243; header_font_size=\u00bb50px\u00bb global_colors_info=\u00bb{}\u00bb]<\/p>\n<h1>Pol\u00edtica de privacidad<\/h1>\n<p>[\/et_pb_text][et_pb_text _builder_version=\u00bb4.27.4&#8243; _module_preset=\u00bbdefault\u00bb text_font=\u00bb&#8211;et_global_body_font||||||||\u00bb text_text_color=\u00bb#502918&#8243; text_line_height=\u00bb2.1em\u00bb header_2_font=\u00bb&#8211;et_global_body_font||||||||\u00bb header_2_text_color=\u00bb#C28865&#8243; header_3_font=\u00bb&#8211;et_global_body_font||||||||\u00bb header_3_text_color=\u00bb#C28865&#8243; inline_fonts=\u00bbMontserrat\u00bb global_colors_info=\u00bb{}\u00bb]<\/p>\n<h2 style=\"margin: 0cm 0cm 7.5pt 0cm;\"><span style=\"font-family: Montserrat;\"><b><span style=\"font-size: 12pt; line-height: 106%; color: #272b2b;\">Protecci\u00f3n de datos de car\u00e1cter personal seg\u00fan el RGPD<\/span><\/b><\/span><\/h2>\n<h2 style=\"margin: 0cm 0cm 7.5pt 0cm;\"><span style=\"font-family: Montserrat;\"><span style=\"font-size: 12pt; line-height: 106%; color: #272b2b;\"><i>Ant\u00f2nia Miralles Martorell<\/i> en aplicaci\u00f3n de la normativa vigente en materia de protecci\u00f3n de datos personales, informa que los datos personales recogidos a trav\u00e9s de los formularios del sitio web: <\/span><a href=\"https:\/\/sonbascos.com\/es\/\" target=\"_new\"><span style=\"font-size: 12pt; line-height: 106%;\">https:\/\/sonbascos.com\/<\/span><\/a><span style=\"font-size: 12pt; line-height: 106%; color: #272b2b;\"> se incluyen en los ficheros automatizados espec\u00edficos de usuarios de los servicios de Ant\u00f2nia<i> Miralles Martorell<\/i>.<o:p><\/o:p><\/span><\/span><\/h2>\n<p style=\"margin: 0cm 0cm 7.5pt 0cm;\"><span style=\"font-size: 12pt; line-height: 106%; font-family: Montserrat; color: #272b2b;\">La recollida i el tractament automatitzat de les dades de car\u00e0cter personal tenen com a finalitat el manteniment de la relaci\u00f3 comercial i el desenvolupament de tasques d\u2019informaci\u00f3, formaci\u00f3, assessorament i altres activitats pr\u00f2pies d&#8217;Ant\u00f2nia<i> Miralles Martorell<\/i>.<o:p><\/o:p><\/span><\/p>\n<p style=\"margin: 0cm 0cm 7.5pt 0cm;\"><span style=\"font-size: 12pt; line-height: 106%; font-family: Montserrat; color: #272b2b;\">Aquestes dades nom\u00e9s seran cedides a aquelles entitats que siguin necess\u00e0ries amb l\u2019\u00fanic objectiu de complir amb la finalitat anteriorment exposada.<o:p><\/o:p><\/span><\/p>\n<p style=\"margin: 0cm 0cm 7.5pt 0cm;\"><span style=\"font-family: Montserrat;\"><i><span style=\"font-size: 12pt; line-height: 106%; color: #272b2b;\">Ant\u00f2nia Miralles Martorell<\/span><\/i><b><span style=\"font-size: 12pt; line-height: 106%; color: #272b2b;\"> <\/span><\/b><span style=\"font-size: 12pt; line-height: 106%; color: #272b2b;\">adopta las medidas necesarias para garantizar la seguridad, integridad y confidencialidad de los datos conforme a lo dispuesto en el Reglamento (UE) 2016\/679 del Parlamento Europeo y del Consejo, de 27 de abril de 2016, relativo a la protecci\u00f3n de las personas f\u00edsicas en lo que respecta al tratamiento de datos personales y a la libre circulaci\u00f3n de estos datos, y deroga la antigua LOPD mediante la nueva Ley Org\u00e1nica 2\/2018, de 5 de diciembre, de Protecci\u00f3n de Datos y Garant\u00eda de los Derechos Digitales (LOPDGDD).<o:p><\/o:p><\/span><\/span><\/p>\n<p style=\"margin: 0cm 0cm 7.5pt 0cm;\"><span style=\"font-size: 12pt; line-height: 106%; font-family: Montserrat; color: #272b2b;\">El usuario podr\u00e1 ejercer en cualquier momento los derechos de acceso, oposici\u00f3n, rectificaci\u00f3n, cancelaci\u00f3n, limitaci\u00f3n y portabilidad reconocidos en dicho Reglamento (UE). El ejercicio de estos derechos puede realizarse mediante correo electr\u00f3nico a: <b>sonbascos@gmail.com<\/b> o en la direcci\u00f3n: <b>C\/ de l\u2019Amargura, 3 &#8211; 07230 Montu\u00efri.<\/b>  <o:p><\/o:p><\/span><\/p>\n<p style=\"margin: 0cm 0cm 7.5pt 0cm;\"><span style=\"font-size: 12.0pt; line-height: 106%; font-family: Poppins; color: #272b2b;\"><span style=\"font-family: Montserrat;\">El usuario manifiesta que todos los datos facilitados son verdaderos y correctos, y se compromete a mantenerlos actualizados, comunicando cualquier cambio a <i>Ant\u00f2nia Miralles Martorell.<\/i><\/span><o:p><\/o:p><\/span><\/p>\n<h2><strong>Finalidad del tratamiento de los datos personales<\/strong><\/h2>\n<p><span style=\"font-family: Montserrat; font-weight: normal;\">\u00bfCon qu\u00e9 finalidad tratamos tus datos personales?<\/span><br \/><span style=\"font-family: Montserrat; font-weight: normal;\">En <em>Ant\u00f2nia Miralles Martorell<\/em> trataremos tus datos personales recogidos a trav\u00e9s del sitio web <a href=\"https:\/\/sonbascos.com\/es\/\">https:\/\/sonbascos.com\/<\/a> con las siguientes finalidades:<\/span><\/p>\n<p><span style=\"font-family: Montserrat; font-weight: normal;\">1. Cumplir con las obligaciones comerciales, laborales, corporativas y contables de la empresa.<\/span><\/p>\n<p><span style=\"font-family: Montserrat; font-weight: normal;\">2. Prestar los servicios seg\u00fan las necesidades particulares de los clientes, con el fin de cumplir los contratos suscritos.<\/span><\/p>\n<p><span style=\"font-family: Montserrat; font-weight: normal;\">3. Enviar informaci\u00f3n comercial y boletines sobre nuevos servicios ofrecidos en la web y del sector.<\/span><\/p>\n<p><span style=\"font-family: Montserrat; font-weight: normal;\">4. Cumplir con los procesos internos de la empresa en materia de administraci\u00f3n de proveedores y contratistas.<\/span><\/p>\n<p><span style=\"font-family: Montserrat; font-weight: normal;\">5. El proceso de archivo, actualizaci\u00f3n de sistemas, protecci\u00f3n y custodia de informaci\u00f3n y bases de datos de la empresa.<\/span><\/p>\n<p><span style=\"font-family: Montserrat; font-weight: normal;\">6. La transmisi\u00f3n de datos a terceros con los que se hayan celebrado contratos con esta finalidad, para fines comerciales, contractuales, administrativos, de marketing y\/o operativos.<\/span><\/p>\n<p><span style=\"font-family: Montserrat; font-weight: normal;\">7. Con fines de seguridad o prevenci\u00f3n del fraude.<\/span><\/p>\n<p><span style=\"font-family: Montserrat; font-weight: normal;\">Te recordamos que puedes oponerte al env\u00edo de comunicaciones comerciales en cualquier momento mediante correo electr\u00f3nico a la direcci\u00f3n indicada anteriormente.<\/span><\/p>\n<p><span style=\"font-family: Montserrat; font-weight: normal;\">Los campos de estos registros son de cumplimentaci\u00f3n obligatoria, siendo imposible llevar a cabo las finalidades indicadas si no se facilitan estos datos.<\/span><\/p>\n<h2><strong>\u00bfDurante cu\u00e1nto tiempo se conservan los datos?<\/strong><\/h2>\n<p>Los datos personales proporcionados se conservar\u00e1n mientras se mantenga la relaci\u00f3n comercial o no se solicite su supresi\u00f3n, y durante el periodo en el que puedan derivarse responsabilidades legales por los servicios prestados.<\/p>\n<h3><strong>Legitimaci\u00f3n<\/strong><\/h3>\n<p>El tratamiento de tus datos se realiza en base a las siguientes legitimaciones:<\/p>\n<p>1. La solicitud de informaci\u00f3n y\/o la contrataci\u00f3n de los servicios de Ant\u00f2nia<em> Miralles Martorell<\/em><strong>, <\/strong> y cuyos t\u00e9rminos y condiciones estar\u00e1n a tu disposici\u00f3n previamente.<\/p>\n<p>2. Tu consentimiento libre, espec\u00edfico, informado e inequ\u00edvoco, mediante la lectura de esta pol\u00edtica de privacidad y su aceptaci\u00f3n mediante una declaraci\u00f3n o acci\u00f3n afirmativa (marcar una casilla).<\/p>\n<p>Si no nos facilitas tus datos o lo haces de forma err\u00f3nea o incompleta, no podremos atender tu solicitud.<\/p>\n<h3><strong>Destinatarios<\/strong><\/h3>\n<p>Los datos no ser\u00e1n comunicados a ning\u00fan tercero ajeno a <em>Ant\u00f2nia Miralles Martorell<\/em>, salvo obligaci\u00f3n legal.<\/p>\n<p><strong>Datos recopilados por los usuarios de los servicios<\/strong><br \/>En caso de que el usuario incluya ficheros con datos personales en los servidores de alojamiento compartido, <em>Ant\u00f2nia Miralles Martorell<\/em> no se hace responsable del incumplimiento del RGPD por parte del usuario.<\/p>\n<p><strong>Conservaci\u00f3n de datos seg\u00fan la LSSI<\/strong><br \/><em>Ant\u00f2nia Miralles Martorell<\/em> informa que, como proveedor de servicios de alojamiento de datos y seg\u00fan la Ley 34\/2002 de Servicios de la Sociedad de la Informaci\u00f3n y Comercio Electr\u00f3nico (LSSI), retiene durante un m\u00e1ximo de 12 meses la informaci\u00f3n imprescindible para identificar el origen de los datos alojados y el momento en que se inici\u00f3 la prestaci\u00f3n del servicio.<\/p>\n<p><strong>Derechos de propiedad intelectual \u201cAdre\u00e7a web\u201d<\/strong><br \/><em>Ant\u00f2nia Miralles Martorell<\/em><strong>\u201d<\/strong> es titular de todos los derechos de propiedad intelectual, industrial, know-how y otros derechos relacionados con los contenidos del sitio web <a href=\"https:\/\/sonbascos.com\/es\/\"><strong>https:\/\/sonbascos.com\/<\/strong><\/a> y de los servicios ofrecidos.<\/p>\n<p>No se permite la reproducci\u00f3n, publicaci\u00f3n o uso no estrictamente privado de los contenidos del sitio we <a href=\"https:\/\/sonbascos.com\/es\/\">https:\/\/sonbascos.com\/<\/a> sin consentimiento previo y por escrito.<\/p>\n<p><strong>Propiedad intelectual del software<\/strong><br \/>El usuario debe respetar los programas de terceros puestos a su disposici\u00f3n por <em>Ant\u00f2nia Miralles Martorell<\/em> aunque sean gratuitos o de uso p\u00fablico.<br \/><em>Ant\u00f2nia Miralles Martorell<\/em> dispone de los derechos necesarios para su uso. El usuario no adquiere ning\u00fan derecho ni licencia fuera de lo necesario para el servicio contratado. <\/p>\n<p><strong>Propiedad intelectual de los contenidos alojados<br \/><\/strong>Se proh\u00edbe el uso contrario a la legislaci\u00f3n sobre propiedad intelectual de los servicios prestados por <em>Ant\u00f2nia Miralles Martorell<\/em><strong>, <\/strong>como:<\/p>\n<p>1. Uso contrario a las leyes espa\u00f1olas o que infrinja derechos de terceros.<\/p>\n<p>2. Contenidos violentos, obscenos, racistas, xen\u00f3fobos, difamatorios o ilegales.<\/p>\n<p>3. Cracks, series de software o contenidos que vulneren derechos de terceros.<\/p>\n<p>4. Recogida\/uso de datos de otros usuarios sin su consentimiento.<\/p>\n<p>5. Env\u00edo de correo masivo no solicitado (spam).<\/p>\n<p>El usuario es responsable del contenido de su web y deber\u00e1 indemnizar a <em>Ant\u00f2nia Miralles Martorell <\/em>por cualquier gasto generado por acciones legales atribuibles a \u00e9l, incluyendo honorarios de abogados.<\/p>\n<p><strong>Protecci\u00f3n de la informaci\u00f3n alojada<\/strong><br \/><em>Ant\u00f2nia Miralles Martorell <\/em>realiza copias de seguridad de los contenidos de sus servidores, pero no garantiza la recuperaci\u00f3n completa en caso de p\u00e9rdida por parte del usuario. La restauraci\u00f3n solo est\u00e1 incluida cuando la p\u00e9rdida sea responsabilidad de <em>Ant\u00f2nia Miralles Martorell.<\/em> <\/p>\n<p><strong>Comunicaciones comerciales<\/strong><br \/>En aplicaci\u00f3n de la LSSI, <em>Ant\u00f2nia Miralles Martorell<\/em> no enviar\u00e1 comunicaciones publicitarias que no hayan sido previamente solicitadas o autorizadas. Si existe una relaci\u00f3n contractual previa, se podr\u00e1n enviar comunicaciones comerciales sobre productos o servicios similares. <\/p>\n<p>El usuario podr\u00e1 solicitar que no se le env\u00ede m\u00e1s informaci\u00f3n comercial en cualquier momento.<\/p>\n<p><span style=\"font-family: Montserrat; font-weight: normal;\"><strong>REV: 20.0211<\/strong><\/span><\/p>\n<p style=\"margin: 0cm 0cm 7.5pt 0cm;\"><span style=\"font-size: 12.0pt; line-height: 106%; font-family: Poppins; color: #272b2b;\"><i><\/i><\/span><\/p>\n<p>[\/et_pb_text][\/et_pb_column][\/et_pb_row][\/et_pb_section]<\/p>\n","protected":false},"excerpt":{"rendered":"<p>Pol\u00edtica de privacidadProtecci\u00f3n de datos de car\u00e1cter personal seg\u00fan el RGPD Ant\u00f2nia Miralles Martorell en aplicaci\u00f3n de la normativa vigente en materia de protecci\u00f3n de datos personales, informa que los datos personales recogidos a trav\u00e9s de los formularios del sitio web: https:\/\/sonbascos.com\/ se incluyen en los ficheros automatizados espec\u00edficos de usuarios de los servicios de [&hellip;]<\/p>\n","protected":false},"author":1,"featured_media":0,"parent":0,"menu_order":0,"comment_status":"closed","ping_status":"closed","template":"","meta":{"_et_pb_use_builder":"on","_et_pb_old_content":"","_et_gb_content_width":"","om_disable_all_campaigns":false,"_monsterinsights_skip_tracking":false,"_monsterinsights_sitenote_active":false,"_monsterinsights_sitenote_note":"","_monsterinsights_sitenote_category":0,"footnotes":""},"class_list":["post-499","page","type-page","status-publish","hentry"],"aioseo_notices":[],"_links":{"self":[{"href":"https:\/\/sonbascos.com\/es\/wp-json\/wp\/v2\/pages\/499","targetHints":{"allow":["GET"]}}],"collection":[{"href":"https:\/\/sonbascos.com\/es\/wp-json\/wp\/v2\/pages"}],"about":[{"href":"https:\/\/sonbascos.com\/es\/wp-json\/wp\/v2\/types\/page"}],"author":[{"embeddable":true,"href":"https:\/\/sonbascos.com\/es\/wp-json\/wp\/v2\/users\/1"}],"replies":[{"embeddable":true,"href":"https:\/\/sonbascos.com\/es\/wp-json\/wp\/v2\/comments?post=499"}],"version-history":[{"count":0,"href":"https:\/\/sonbascos.com\/es\/wp-json\/wp\/v2\/pages\/499\/revisions"}],"wp:attachment":[{"href":"https:\/\/sonbascos.com\/es\/wp-json\/wp\/v2\/media?parent=499"}],"curies":[{"name":"wp","href":"https:\/\/api.w.org\/{rel}","templated":true}]}}